{"id":321,"date":"2023-04-07T11:23:55","date_gmt":"2023-04-07T11:23:55","guid":{"rendered":"http:\/\/localhost:10016\/?page_id=321"},"modified":"2024-02-16T12:08:03","modified_gmt":"2024-02-16T12:08:03","slug":"our-blog","status":"publish","type":"page","link":"https:\/\/pebble-pro.com\/fr\/our-blog\/","title":{"rendered":"Notre blog"},"content":{"rendered":"<div data-elementor-type=\"wp-page\" data-elementor-id=\"321\" class=\"elementor elementor-321\" data-elementor-post-type=\"page\">\n\t\t\t\t\t\t<section class=\"elementor-section elementor-top-section elementor-element elementor-element-8d23956 elementor-section-full_width elementor-section-stretched elementor-section-height-default elementor-section-height-default\" data-id=\"8d23956\" data-element_type=\"section\" data-e-type=\"section\" data-settings=\"{&quot;stretch_section&quot;:&quot;section-stretched&quot;,&quot;wdt_bg_image&quot;:{&quot;url&quot;:&quot;&quot;,&quot;id&quot;:&quot;&quot;,&quot;size&quot;:&quot;&quot;},&quot;wdt_bg_image_widescreen&quot;:{&quot;url&quot;:&quot;&quot;,&quot;id&quot;:&quot;&quot;,&quot;size&quot;:&quot;&quot;},&quot;wdt_bg_image_laptop&quot;:{&quot;url&quot;:&quot;&quot;,&quot;id&quot;:&quot;&quot;,&quot;size&quot;:&quot;&quot;},&quot;wdt_bg_image_tablet_extra&quot;:{&quot;url&quot;:&quot;&quot;,&quot;id&quot;:&quot;&quot;,&quot;size&quot;:&quot;&quot;},&quot;wdt_bg_image_tablet&quot;:{&quot;url&quot;:&quot;&quot;,&quot;id&quot;:&quot;&quot;,&quot;size&quot;:&quot;&quot;},&quot;wdt_bg_image_mobile_extra&quot;:{&quot;url&quot;:&quot;&quot;,&quot;id&quot;:&quot;&quot;,&quot;size&quot;:&quot;&quot;},&quot;wdt_bg_image_mobile&quot;:{&quot;url&quot;:&quot;&quot;,&quot;id&quot;:&quot;&quot;,&quot;size&quot;:&quot;&quot;},&quot;wdt_bg_position&quot;:&quot;center center&quot;,&quot;wdt_animation_effect&quot;:&quot;none&quot;}\">\n\t\t\t\t\t\t<div class=\"elementor-container elementor-column-gap-no\">\n\t\t\t\t\t<div class=\"elementor-column elementor-col-100 elementor-top-column elementor-element elementor-element-2072994\" data-id=\"2072994\" data-element_type=\"column\" data-e-type=\"column\">\n\t\t\t<div class=\"elementor-widget-wrap elementor-element-populated\">\n\t\t\t\t\t\t<section class=\"elementor-section elementor-inner-section elementor-element elementor-element-abca6ef elementor-section-full_width elementor-hidden-widescreen elementor-hidden-desktop elementor-hidden-laptop elementor-hidden-tablet_extra elementor-hidden-tablet elementor-hidden-mobile_extra elementor-hidden-mobile elementor-section-height-default elementor-section-height-default\" data-id=\"abca6ef\" data-element_type=\"section\" data-e-type=\"section\" data-settings=\"{&quot;wdt_bg_image&quot;:{&quot;url&quot;:&quot;&quot;,&quot;id&quot;:&quot;&quot;,&quot;size&quot;:&quot;&quot;},&quot;wdt_bg_image_widescreen&quot;:{&quot;url&quot;:&quot;&quot;,&quot;id&quot;:&quot;&quot;,&quot;size&quot;:&quot;&quot;},&quot;wdt_bg_image_laptop&quot;:{&quot;url&quot;:&quot;&quot;,&quot;id&quot;:&quot;&quot;,&quot;size&quot;:&quot;&quot;},&quot;wdt_bg_image_tablet_extra&quot;:{&quot;url&quot;:&quot;&quot;,&quot;id&quot;:&quot;&quot;,&quot;size&quot;:&quot;&quot;},&quot;wdt_bg_image_tablet&quot;:{&quot;url&quot;:&quot;&quot;,&quot;id&quot;:&quot;&quot;,&quot;size&quot;:&quot;&quot;},&quot;wdt_bg_image_mobile_extra&quot;:{&quot;url&quot;:&quot;&quot;,&quot;id&quot;:&quot;&quot;,&quot;size&quot;:&quot;&quot;},&quot;wdt_bg_image_mobile&quot;:{&quot;url&quot;:&quot;&quot;,&quot;id&quot;:&quot;&quot;,&quot;size&quot;:&quot;&quot;},&quot;wdt_bg_position&quot;:&quot;center center&quot;,&quot;wdt_animation_effect&quot;:&quot;none&quot;}\">\n\t\t\t\t\t\t<div class=\"elementor-container elementor-column-gap-no\">\n\t\t\t\t\t<div class=\"elementor-column elementor-col-33 elementor-inner-column elementor-element elementor-element-7ebcd10\" data-id=\"7ebcd10\" data-element_type=\"column\" data-e-type=\"column\">\n\t\t\t<div class=\"elementor-widget-wrap\">\n\t\t\t\t\t\t\t<\/div>\n\t\t<\/div>\n\t\t\t\t<div class=\"elementor-column elementor-col-33 elementor-inner-column elementor-element elementor-element-41f4652\" data-id=\"41f4652\" data-element_type=\"column\" data-e-type=\"column\">\n\t\t\t<div class=\"elementor-widget-wrap elementor-element-populated\">\n\t\t\t\t\t\t<div class=\"elementor-element elementor-element-ba4aeb0 center elementor-widget elementor-widget-wdt-heading\" data-id=\"ba4aeb0\" data-element_type=\"widget\" data-e-type=\"widget\" data-settings=\"{&quot;wdt_animation_effect&quot;:&quot;none&quot;}\" data-widget_type=\"wdt-heading.default\">\n\t\t\t\t<div class=\"elementor-widget-container\">\n\t\t\t\t\t<div class=\"wdt-heading-holder\" id=\"wdt-heading-ba4aeb0\"><div class=\"wdt-heading-subtitle-wrapper wdt-heading-align-center\"><span class=\"wdt-heading-subtitle\">Our Blogs<\/span><\/div><h2 class=\"wdt-heading-title-wrapper wdt-heading-align-center wdt-heading-deco-wrapper\"><span class=\"wdt-heading-title\">Home Repairs Handled With Care<\/span><\/h2><div class=\"wdt-heading-content-wrapper\">Nulla semper accumsan magna et ultrices. Aenean at varius purus. Nulla egestas semper tellus. Morbi mauris elit, semper eu semin.<\/div><\/div>\t\t\t\t<\/div>\n\t\t\t\t<\/div>\n\t\t\t\t\t<\/div>\n\t\t<\/div>\n\t\t\t\t<div class=\"elementor-column elementor-col-33 elementor-inner-column elementor-element elementor-element-8b8deae\" data-id=\"8b8deae\" data-element_type=\"column\" data-e-type=\"column\">\n\t\t\t<div class=\"elementor-widget-wrap\">\n\t\t\t\t\t\t\t<\/div>\n\t\t<\/div>\n\t\t\t\t\t<\/div>\n\t\t<\/section>\n\t\t\t\t<section class=\"elementor-section elementor-inner-section elementor-element elementor-element-74331bc elementor-section-full_width elementor-section-height-default elementor-section-height-default\" data-id=\"74331bc\" data-element_type=\"section\" data-e-type=\"section\" data-settings=\"{&quot;wdt_bg_image&quot;:{&quot;url&quot;:&quot;&quot;,&quot;id&quot;:&quot;&quot;,&quot;size&quot;:&quot;&quot;},&quot;wdt_bg_image_widescreen&quot;:{&quot;url&quot;:&quot;&quot;,&quot;id&quot;:&quot;&quot;,&quot;size&quot;:&quot;&quot;},&quot;wdt_bg_image_laptop&quot;:{&quot;url&quot;:&quot;&quot;,&quot;id&quot;:&quot;&quot;,&quot;size&quot;:&quot;&quot;},&quot;wdt_bg_image_tablet_extra&quot;:{&quot;url&quot;:&quot;&quot;,&quot;id&quot;:&quot;&quot;,&quot;size&quot;:&quot;&quot;},&quot;wdt_bg_image_tablet&quot;:{&quot;url&quot;:&quot;&quot;,&quot;id&quot;:&quot;&quot;,&quot;size&quot;:&quot;&quot;},&quot;wdt_bg_image_mobile_extra&quot;:{&quot;url&quot;:&quot;&quot;,&quot;id&quot;:&quot;&quot;,&quot;size&quot;:&quot;&quot;},&quot;wdt_bg_image_mobile&quot;:{&quot;url&quot;:&quot;&quot;,&quot;id&quot;:&quot;&quot;,&quot;size&quot;:&quot;&quot;},&quot;wdt_bg_position&quot;:&quot;center center&quot;,&quot;wdt_animation_effect&quot;:&quot;none&quot;}\">\n\t\t\t\t\t\t<div class=\"elementor-container elementor-column-gap-no\">\n\t\t\t\t\t<div class=\"elementor-column elementor-col-100 elementor-inner-column elementor-element elementor-element-d97befe\" data-id=\"d97befe\" data-element_type=\"column\" data-e-type=\"column\">\n\t\t\t<div class=\"elementor-widget-wrap elementor-element-populated\">\n\t\t\t\t\t\t<div class=\"elementor-element elementor-element-f81d592 elementor-widget elementor-widget-wdt-blog-posts\" data-id=\"f81d592\" data-element_type=\"widget\" data-e-type=\"widget\" data-settings=\"{&quot;wdt_animation_effect&quot;:&quot;none&quot;}\" data-widget_type=\"wdt-blog-posts.default\">\n\t\t\t\t<div class=\"elementor-widget-container\">\n\t\t\t\t\t<div class=\"wdt-posts-list-wrapper\" ><div class='tpl-blog-holder  apply-isotope'><div class='grid-sizer  entry-grid-layout wdt-classic-style wdt-scalein-hover wdt-fixed-overlay alignnone column wdt-one-half wdt-post-entry'><\/div><div class=\"entry-grid-layout wdt-classic-style wdt-scalein-hover wdt-fixed-overlay alignnone column wdt-one-half wdt-post-entry\"><article id=\"post-2593\" class=\"post-2593 post type-post status-publish format-standard has-post-thumbnail hentry category-pebble-pools category-pool-trends category-swimming-pools tag-pebble-pro blog-entry\">\r\n\r\n\r\n\t<!-- Featured Image -->\r\n\t<div class=\"entry-thumb\">\r\n\t\t\r\n<a href=\"https:\/\/pebble-pro.com\/fr\/6-tips-to-maintain-a-beautiful-pebble-pro-pool-finish\/\" title=\"Permalink to 6 Tips to Maintain a Beautiful Pebble Pro Pool Finish\"><img fetchpriority=\"high\" decoding=\"async\" width=\"1205\" height=\"604\" src=\"https:\/\/pebble-pro.com\/wp-content\/uploads\/2024\/02\/design-sem-nome-15-65c4e98051bfa.webp\" class=\"attachment-wdt-blog-ii-column size-wdt-blog-ii-column wp-post-image\" alt=\"Suppliers of Pebble and builders of pebble pools in Europe\" srcset=\"https:\/\/pebble-pro.com\/wp-content\/uploads\/2024\/02\/design-sem-nome-15-65c4e98051bfa.webp 1205w, https:\/\/pebble-pro.com\/wp-content\/uploads\/2024\/02\/design-sem-nome-15-65c4e98051bfa-300x150.webp 300w, https:\/\/pebble-pro.com\/wp-content\/uploads\/2024\/02\/design-sem-nome-15-65c4e98051bfa-1024x513.webp 1024w, https:\/\/pebble-pro.com\/wp-content\/uploads\/2024\/02\/design-sem-nome-15-65c4e98051bfa-768x385.webp 768w, https:\/\/pebble-pro.com\/wp-content\/uploads\/2024\/02\/design-sem-nome-15-65c4e98051bfa-18x9.webp 18w\" sizes=\"(max-width: 1205px) 100vw, 1205px\" \/><\/a>\r\n        \t<\/div><!-- Featured Image -->\r\n<!-- Entry Date -->\r\n<div class=\"entry-date\"><i class=\"wdticon-calendar\"> <\/i>f\u00e9vrier 8, 2024<\/div><!-- Entry Date --><div class=\"entry-meta-group\">\r\n<!-- Entry Author -->\r\n<div class=\"entry-author\">\r\n\t<span>By<\/span>\r\n\t<img alt='' src='https:\/\/secure.gravatar.com\/avatar\/54e064557c50b873b0a867374930d7951394ef3ee00df3bbe658d87fd89fedee?s=25&#038;d=mm&#038;r=g' srcset='https:\/\/secure.gravatar.com\/avatar\/54e064557c50b873b0a867374930d7951394ef3ee00df3bbe658d87fd89fedee?s=50&#038;d=mm&#038;r=g 2x' class='avatar avatar-25 photo' height='25' width='25' \/>\t<a href=\"https:\/\/pebble-pro.com\/fr\/author\/admin\/\" title=\"View all posts by admin\">\r\n\t\tadmin\t<\/a>\r\n<\/div><!-- Entry Author -->\r\n<\/div>\r\n<!-- Entry Title -->\r\n<div class=\"entry-title\">\r\n\t<h4>    \t<a href=\"https:\/\/pebble-pro.com\/fr\/6-tips-to-maintain-a-beautiful-pebble-pro-pool-finish\/\" title=\"Permalink to 6 Tips to Maintain a Beautiful Pebble Pro Pool Finish\">6 conseils pour conserver une belle finition de piscine Pebble Pro<\/a>\r\n\t<\/h4>\r\n<\/div><!-- Entry Title -->\r\n\t<div class=\"entry-body\"><p>Opter pour une piscine en galets peut s'av\u00e9rer \u00eatre un excellent choix pour votre...<\/p><\/div>\r\n\r\n<!-- Entry Button --><div class=\"entry-button wdt-core-button\"><a href=\"https:\/\/pebble-pro.com\/fr\/6-tips-to-maintain-a-beautiful-pebble-pro-pool-finish\/\" title=\"6 conseils pour conserver une belle finition de piscine Pebble Pro\" class=\"wdt-button\">Read More<span>\r\n\t\t\t<svg xmlns=\"http:\/\/www.w3.org\/2000\/svg\" width=\"21.98\" height=\"21.979\" viewbox=\"0 0 21.98 21.979\">\r\n\t\t\t<path data-name=\"Path 178154\" d=\"M11.836,0,10.695,1.141,14.83,5.276H-1V6.89H14.83l-4.135,4.135,1.141,1.141,6.083-6.083Z\" transform=\"translate(0.707 12.67) rotate(-45)\" fill=\"currentcolor\"\/>\r\n\t\t  \t<\/svg>\r\n\t\t  \t<\/span><\/a><\/div><!-- Entry Button --><\/article><\/div><div class=\"entry-grid-layout wdt-classic-style wdt-scalein-hover wdt-fixed-overlay alignnone column wdt-one-half wdt-post-entry\"><article id=\"post-1101\" class=\"post-1101 post type-post status-publish format-standard has-post-thumbnail hentry category-pebble-pools category-pool-trends category-swimming-pools tag-pebble-pro blog-entry\">\r\n\r\n\r\n\t<!-- Featured Image -->\r\n\t<div class=\"entry-thumb\">\r\n\t\t\r\n<a href=\"https:\/\/pebble-pro.com\/fr\/solution-for-drainage-problems\/\" title=\"Permalink to 10 Reasons Why You Should Have a Pebble Pool in Algarve\"><img decoding=\"async\" width=\"1205\" height=\"604\" src=\"https:\/\/pebble-pro.com\/wp-content\/uploads\/2024\/01\/design-sem-nome-16-65c4e9e0d1e72.webp\" class=\"attachment-wdt-blog-ii-column size-wdt-blog-ii-column wp-post-image\" alt=\"Suppliers of Pebble and builders of pebble pools in Europe\" srcset=\"https:\/\/pebble-pro.com\/wp-content\/uploads\/2024\/01\/design-sem-nome-16-65c4e9e0d1e72.webp 1205w, https:\/\/pebble-pro.com\/wp-content\/uploads\/2024\/01\/design-sem-nome-16-65c4e9e0d1e72-300x150.webp 300w, https:\/\/pebble-pro.com\/wp-content\/uploads\/2024\/01\/design-sem-nome-16-65c4e9e0d1e72-1024x513.webp 1024w, https:\/\/pebble-pro.com\/wp-content\/uploads\/2024\/01\/design-sem-nome-16-65c4e9e0d1e72-768x385.webp 768w, https:\/\/pebble-pro.com\/wp-content\/uploads\/2024\/01\/design-sem-nome-16-65c4e9e0d1e72-18x9.webp 18w\" sizes=\"(max-width: 1205px) 100vw, 1205px\" \/><\/a>\r\n        \t<\/div><!-- Featured Image -->\r\n<!-- Entry Date -->\r\n<div class=\"entry-date\"><i class=\"wdticon-calendar\"> <\/i>janvier 18, 2024<\/div><!-- Entry Date --><div class=\"entry-meta-group\">\r\n<!-- Entry Author -->\r\n<div class=\"entry-author\">\r\n\t<span>By<\/span>\r\n\t<img alt='' src='https:\/\/secure.gravatar.com\/avatar\/54e064557c50b873b0a867374930d7951394ef3ee00df3bbe658d87fd89fedee?s=25&#038;d=mm&#038;r=g' srcset='https:\/\/secure.gravatar.com\/avatar\/54e064557c50b873b0a867374930d7951394ef3ee00df3bbe658d87fd89fedee?s=50&#038;d=mm&#038;r=g 2x' class='avatar avatar-25 photo' height='25' width='25' \/>\t<a href=\"https:\/\/pebble-pro.com\/fr\/author\/admin\/\" title=\"View all posts by admin\">\r\n\t\tadmin\t<\/a>\r\n<\/div><!-- Entry Author -->\r\n<\/div>\r\n<!-- Entry Title -->\r\n<div class=\"entry-title\">\r\n\t<h4>    \t<a href=\"https:\/\/pebble-pro.com\/fr\/solution-for-drainage-problems\/\" title=\"Permalink to 10 Reasons Why You Should Have a Pebble Pool in Algarve\">10 raisons pour lesquelles vous devriez avoir une piscine en galets en Algarve<\/a>\r\n\t<\/h4>\r\n<\/div><!-- Entry Title -->\r\n\t<div class=\"entry-body\"><p>L'installation d'une piscine en galets dans votre espace ext\u00e9rieur pr\u00e9sente de nombreux avantages...<\/p><\/div>\r\n\r\n<!-- Entry Button --><div class=\"entry-button wdt-core-button\"><a href=\"https:\/\/pebble-pro.com\/fr\/solution-for-drainage-problems\/\" title=\"10 raisons pour lesquelles vous devriez avoir une piscine en galets en Algarve\" class=\"wdt-button\">Read More<span>\r\n\t\t\t<svg xmlns=\"http:\/\/www.w3.org\/2000\/svg\" width=\"21.98\" height=\"21.979\" viewbox=\"0 0 21.98 21.979\">\r\n\t\t\t<path data-name=\"Path 178154\" d=\"M11.836,0,10.695,1.141,14.83,5.276H-1V6.89H14.83l-4.135,4.135,1.141,1.141,6.083-6.083Z\" transform=\"translate(0.707 12.67) rotate(-45)\" fill=\"currentcolor\"\/>\r\n\t\t  \t<\/svg>\r\n\t\t  \t<\/span><\/a><\/div><!-- Entry Button --><\/article><\/div><div class=\"entry-grid-layout wdt-classic-style wdt-scalein-hover wdt-fixed-overlay alignnone column wdt-one-half wdt-post-entry\"><article id=\"post-2596\" class=\"post-2596 post type-post status-publish format-standard has-post-thumbnail hentry category-pebble-pools category-pool-trends category-swimming-pools tag-pebble-pro blog-entry\">\r\n\r\n\r\n\t<!-- Featured Image -->\r\n\t<div class=\"entry-thumb\">\r\n\t\t\r\n<a href=\"https:\/\/pebble-pro.com\/fr\/5-safety-pool-measures-to-put-on-your-checklist\/\" title=\"Permalink to 5 Safety Pool Measures to put on your Checklist\"><img decoding=\"async\" width=\"1205\" height=\"604\" src=\"https:\/\/pebble-pro.com\/wp-content\/uploads\/2023\/11\/design-sem-nome-18-65c4eacb4c7bc.webp\" class=\"attachment-wdt-blog-ii-column size-wdt-blog-ii-column wp-post-image\" alt=\"Suppliers of Pebble and builders of pebble pools in Europe\" srcset=\"https:\/\/pebble-pro.com\/wp-content\/uploads\/2023\/11\/design-sem-nome-18-65c4eacb4c7bc.webp 1205w, https:\/\/pebble-pro.com\/wp-content\/uploads\/2023\/11\/design-sem-nome-18-65c4eacb4c7bc-300x150.webp 300w, https:\/\/pebble-pro.com\/wp-content\/uploads\/2023\/11\/design-sem-nome-18-65c4eacb4c7bc-1024x513.webp 1024w, https:\/\/pebble-pro.com\/wp-content\/uploads\/2023\/11\/design-sem-nome-18-65c4eacb4c7bc-768x385.webp 768w, https:\/\/pebble-pro.com\/wp-content\/uploads\/2023\/11\/design-sem-nome-18-65c4eacb4c7bc-18x9.webp 18w\" sizes=\"(max-width: 1205px) 100vw, 1205px\" \/><\/a>\r\n        \t<\/div><!-- Featured Image -->\r\n<!-- Entry Date -->\r\n<div class=\"entry-date\"><i class=\"wdticon-calendar\"> <\/i>novembre 26, 2023<\/div><!-- Entry Date --><div class=\"entry-meta-group\">\r\n<!-- Entry Author -->\r\n<div class=\"entry-author\">\r\n\t<span>By<\/span>\r\n\t<img alt='' src='https:\/\/secure.gravatar.com\/avatar\/54e064557c50b873b0a867374930d7951394ef3ee00df3bbe658d87fd89fedee?s=25&#038;d=mm&#038;r=g' srcset='https:\/\/secure.gravatar.com\/avatar\/54e064557c50b873b0a867374930d7951394ef3ee00df3bbe658d87fd89fedee?s=50&#038;d=mm&#038;r=g 2x' class='avatar avatar-25 photo' height='25' width='25' \/>\t<a href=\"https:\/\/pebble-pro.com\/fr\/author\/admin\/\" title=\"View all posts by admin\">\r\n\t\tadmin\t<\/a>\r\n<\/div><!-- Entry Author -->\r\n<\/div>\r\n<!-- Entry Title -->\r\n<div class=\"entry-title\">\r\n\t<h4>    \t<a href=\"https:\/\/pebble-pro.com\/fr\/5-safety-pool-measures-to-put-on-your-checklist\/\" title=\"Permalink to 5 Safety Pool Measures to put on your Checklist\">5 mesures de s\u00e9curit\u00e9 pour les piscines \u00e0 mettre sur votre liste de contr\u00f4le<\/a>\r\n\t<\/h4>\r\n<\/div><!-- Entry Title -->\r\n\t<div class=\"entry-body\"><p>De nombreux mots sont associ\u00e9s aux piscines. Des mots comme \u00e9t\u00e9...<\/p><\/div>\r\n\r\n<!-- Entry Button --><div class=\"entry-button wdt-core-button\"><a href=\"https:\/\/pebble-pro.com\/fr\/5-safety-pool-measures-to-put-on-your-checklist\/\" title=\"5 mesures de s\u00e9curit\u00e9 pour les piscines \u00e0 mettre sur votre liste de contr\u00f4le\" class=\"wdt-button\">Read More<span>\r\n\t\t\t<svg xmlns=\"http:\/\/www.w3.org\/2000\/svg\" width=\"21.98\" height=\"21.979\" viewbox=\"0 0 21.98 21.979\">\r\n\t\t\t<path data-name=\"Path 178154\" d=\"M11.836,0,10.695,1.141,14.83,5.276H-1V6.89H14.83l-4.135,4.135,1.141,1.141,6.083-6.083Z\" transform=\"translate(0.707 12.67) rotate(-45)\" fill=\"currentcolor\"\/>\r\n\t\t  \t<\/svg>\r\n\t\t  \t<\/span><\/a><\/div><!-- Entry Button --><\/article><\/div><\/div><div class=\"pagination blog-pagination\"><\/div><\/div>\t\t\t\t<\/div>\n\t\t\t\t<\/div>\n\t\t\t\t\t<\/div>\n\t\t<\/div>\n\t\t\t\t\t<\/div>\n\t\t<\/section>\n\t\t\t\t\t<\/div>\n\t\t<\/div>\n\t\t\t\t\t<\/div>\n\t\t<\/section>\n\t\t\t\t<\/div>","protected":false},"excerpt":{"rendered":"<p>Our Blogs Home Repairs Handled With Care Nulla semper accumsan magna et ultrices. Aenean at varius purus. Nulla egestas semper tellus. Morbi mauris elit, semper eu semin. 18 May 2023 By Admin 0 Comment Solution for drainage problems Lobortis scelerisque fermentum dui faucibus nunc pulvinar sapie in. Read More 18 May 2023 By Admin 1 [&hellip;]<\/p>\n","protected":false},"author":1,"featured_media":0,"parent":0,"menu_order":0,"comment_status":"closed","ping_status":"closed","template":"","meta":{"_monsterinsights_skip_tracking":false,"_monsterinsights_sitenote_active":false,"_monsterinsights_sitenote_note":"","_monsterinsights_sitenote_category":0,"footnotes":""},"class_list":["post-321","page","type-page","status-publish","hentry","blog-entry","format-standard"],"aioseo_notices":[],"_links":{"self":[{"href":"https:\/\/pebble-pro.com\/fr\/wp-json\/wp\/v2\/pages\/321","targetHints":{"allow":["GET"]}}],"collection":[{"href":"https:\/\/pebble-pro.com\/fr\/wp-json\/wp\/v2\/pages"}],"about":[{"href":"https:\/\/pebble-pro.com\/fr\/wp-json\/wp\/v2\/types\/page"}],"author":[{"embeddable":true,"href":"https:\/\/pebble-pro.com\/fr\/wp-json\/wp\/v2\/users\/1"}],"replies":[{"embeddable":true,"href":"https:\/\/pebble-pro.com\/fr\/wp-json\/wp\/v2\/comments?post=321"}],"version-history":[{"count":1,"href":"https:\/\/pebble-pro.com\/fr\/wp-json\/wp\/v2\/pages\/321\/revisions"}],"predecessor-version":[{"id":2640,"href":"https:\/\/pebble-pro.com\/fr\/wp-json\/wp\/v2\/pages\/321\/revisions\/2640"}],"wp:attachment":[{"href":"https:\/\/pebble-pro.com\/fr\/wp-json\/wp\/v2\/media?parent=321"}],"curies":[{"name":"wp","href":"https:\/\/api.w.org\/{rel}","templated":true}]}}